{"id":2266,"date":"2020-05-11T11:13:51","date_gmt":"2020-05-11T11:13:51","guid":{"rendered":"https:\/\/dwoobox.com\/?page_id=2266"},"modified":"2020-05-11T11:13:52","modified_gmt":"2020-05-11T11:13:52","slug":"e-learning-und-webinare","status":"publish","type":"page","link":"https:\/\/dwoobox.com\/?page_id=2266","title":{"rendered":"E-Learning und Webinare"},"content":{"rendered":"\n<p><strong>Raus aus der Komfortzone!<\/strong> Krisen sind auch ein Aufruf zu Ver\u00e4nderungen! <strong>E-Learning und Webinare<\/strong> als neue <strong>Herausforderungen<\/strong> in der <strong>Erwachsenenbildung<\/strong>!<\/p>\n\n\n\n<p><strong>E-Learning<\/strong> wird und kann den <strong>Pr\u00e4senzunterricht nicht verdr\u00e4ngen<\/strong>! <strong>E-Learning<\/strong> und <strong>Pr\u00e4senz erg\u00e4nzen<\/strong> sich indem der Lernende in seinem gewohnten Umfeld mit einer Tasse Tee oder Kaffee seine Lerneinheiten abarbeitet.<br>In den folgenden Slides m\u00f6chte ich Ihnen einen kurzen Einblick \u00fcber E-Learning, Pr\u00e4senz- und Gamification in der Erwachsenenbildung pr\u00e4sentieren.<\/p>\n\n\n\n<div aria-live=\"polite\" id=\"soliloquy-container-2254\" class=\"soliloquy-container soliloquy-transition-fade  soliloquy-theme-classic\" style=\"max-width:1024px;max-height:768px;\"><ul id=\"soliloquy-2254\" class=\"soliloquy-slider soliloquy-slides soliloquy-wrap soliloquy-clear\"><li aria-hidden=\"true\" class=\"soliloquy-item soliloquy-item-1 soliloquy-image-slide\" draggable=\"false\" style=\"list-style:none\"><img id=\"soliloquy-image-2255\" class=\"soliloquy-image soliloquy-image-1\" src=\"https:\/\/dwoobox.com\/wp-content\/uploads\/2020\/05\/Folie01-2.png\" alt=\"Folie01\" \/><\/li><li aria-hidden=\"true\" class=\"soliloquy-item soliloquy-item-2 soliloquy-image-slide\" draggable=\"false\" style=\"list-style:none\"><img id=\"soliloquy-image-2256\" class=\"soliloquy-image soliloquy-image-2\" src=\"https:\/\/dwoobox.com\/wp-content\/uploads\/2020\/05\/Folie02-2.png\" alt=\"Folie02\" \/><\/li><li aria-hidden=\"true\" class=\"soliloquy-item soliloquy-item-3 soliloquy-image-slide\" draggable=\"false\" style=\"list-style:none\"><img id=\"soliloquy-image-2257\" class=\"soliloquy-image soliloquy-image-3\" src=\"https:\/\/dwoobox.com\/wp-content\/uploads\/2020\/05\/Folie03-2.png\" alt=\"Folie03\" \/><\/li><li aria-hidden=\"true\" class=\"soliloquy-item soliloquy-item-4 soliloquy-image-slide\" draggable=\"false\" style=\"list-style:none\"><img id=\"soliloquy-image-2258\" class=\"soliloquy-image soliloquy-image-4\" src=\"https:\/\/dwoobox.com\/wp-content\/uploads\/2020\/05\/Folie04-2.png\" alt=\"Folie04\" \/><\/li><li aria-hidden=\"true\" class=\"soliloquy-item soliloquy-item-5 soliloquy-image-slide\" draggable=\"false\" style=\"list-style:none\"><img id=\"soliloquy-image-2259\" class=\"soliloquy-image soliloquy-image-5\" src=\"https:\/\/dwoobox.com\/wp-content\/uploads\/2020\/05\/Folie05-2.png\" alt=\"Folie05\" \/><\/li><li aria-hidden=\"true\" class=\"soliloquy-item soliloquy-item-6 soliloquy-image-slide\" draggable=\"false\" style=\"list-style:none\"><img id=\"soliloquy-image-2260\" class=\"soliloquy-image soliloquy-image-6\" src=\"https:\/\/dwoobox.com\/wp-content\/uploads\/2020\/05\/Folie06-2.png\" alt=\"Folie06\" \/><\/li><li aria-hidden=\"true\" class=\"soliloquy-item soliloquy-item-7 soliloquy-image-slide\" draggable=\"false\" style=\"list-style:none\"><img id=\"soliloquy-image-2261\" class=\"soliloquy-image soliloquy-image-7\" src=\"https:\/\/dwoobox.com\/wp-content\/uploads\/2020\/05\/Folie07-2.png\" alt=\"Folie07\" \/><\/li><li aria-hidden=\"true\" class=\"soliloquy-item soliloquy-item-8 soliloquy-image-slide\" draggable=\"false\" style=\"list-style:none\"><img id=\"soliloquy-image-2268\" class=\"soliloquy-image soliloquy-image-8\" src=\"https:\/\/dwoobox.com\/wp-content\/uploads\/2020\/05\/Folie08-2.png\" alt=\"Folie08\" \/><\/li><li aria-hidden=\"true\" class=\"soliloquy-item soliloquy-item-9 soliloquy-image-slide\" draggable=\"false\" style=\"list-style:none\"><img id=\"soliloquy-image-2262\" class=\"soliloquy-image soliloquy-image-9\" src=\"https:\/\/dwoobox.com\/wp-content\/uploads\/2020\/05\/Folie09-2.png\" alt=\"Folie09\" \/><\/li><li aria-hidden=\"true\" class=\"soliloquy-item soliloquy-item-10 soliloquy-image-slide\" draggable=\"false\" style=\"list-style:none\"><img id=\"soliloquy-image-2264\" class=\"soliloquy-image soliloquy-image-10\" src=\"https:\/\/dwoobox.com\/wp-content\/uploads\/2020\/05\/Folie11-2.png\" alt=\"Folie11\" \/><\/li><\/ul><\/div><noscript><style type=\"text\/css\">#soliloquy-container-2254{opacity:1}<\/style><\/noscript>\n","protected":false},"excerpt":{"rendered":"<p>Raus aus der Komfortzone! Krisen sind auch ein Aufruf zu Ver\u00e4nderungen! E-Learning und Webinare als neue Herausforderungen in der Erwachsenenbildung! E-Learning wird und kann den Pr\u00e4senzunterricht nicht verdr\u00e4ngen! E-Learning und Pr\u00e4senz erg\u00e4nzen sich indem der Lernende in seinem gewohnten Umfeld mit einer Tasse Tee oder Kaffee seine Lerneinheiten abarbeitet.In den folgenden Slides m\u00f6chte ich Ihnen [&hellip;]<\/p>\n","protected":false},"author":1,"featured_media":0,"parent":0,"menu_order":0,"comment_status":"closed","ping_status":"closed","template":"","meta":[],"_links":{"self":[{"href":"https:\/\/dwoobox.com\/index.php?rest_route=\/wp\/v2\/pages\/2266"}],"collection":[{"href":"https:\/\/dwoobox.com\/index.php?rest_route=\/wp\/v2\/pages"}],"about":[{"href":"https:\/\/dwoobox.com\/index.php?rest_route=\/wp\/v2\/types\/page"}],"author":[{"embeddable":true,"href":"https:\/\/dwoobox.com\/index.php?rest_route=\/wp\/v2\/users\/1"}],"replies":[{"embeddable":true,"href":"https:\/\/dwoobox.com\/index.php?rest_route=%2Fwp%2Fv2%2Fcomments&post=2266"}],"version-history":[{"count":2,"href":"https:\/\/dwoobox.com\/index.php?rest_route=\/wp\/v2\/pages\/2266\/revisions"}],"predecessor-version":[{"id":2282,"href":"https:\/\/dwoobox.com\/index.php?rest_route=\/wp\/v2\/pages\/2266\/revisions\/2282"}],"wp:attachment":[{"href":"https:\/\/dwoobox.com\/index.php?rest_route=%2Fwp%2Fv2%2Fmedia&parent=2266"}],"curies":[{"name":"wp","href":"https:\/\/api.w.org\/{rel}","templated":true}]}}